{"id":170909,"date":"2025-10-20T07:35:48","date_gmt":"2025-10-20T04:35:48","guid":{"rendered":"https:\/\/gelenekselsanatlar.org\/%d9%85%d8%ac%d9%84%d8%b3-%d8%a5%d8%af%d8%a7%d8%b1%d8%a9\/"},"modified":"2025-10-20T07:35:48","modified_gmt":"2025-10-20T04:35:48","slug":"%d9%85%d8%ac%d9%84%d8%b3-%d8%a5%d8%af%d8%a7%d8%b1%d8%a9","status":"publish","type":"page","link":"https:\/\/gelenekselsanatlar.org\/ar\/%d9%85%d8%ac%d9%84%d8%b3-%d8%a5%d8%af%d8%a7%d8%b1%d8%a9\/","title":{"rendered":"\u0645\u062c\u0644\u0633 \u0625\u062f\u0627\u0631\u0629"},"content":{"rendered":"<div class=\"gsd-team-container gsd-team-yonetim-main\" data-columns=\"3\">\r\n                            <h3 class=\"gsd-team-section-title\">\u0645\u062c\u0644\u0633 \u0625\u062f\u0627\u0631\u0629<\/h3>\r\n                        <div class=\"gsd-team-grid gsd-team-grid-3\">\r\n                                                                    <div class=\"gsd-team-card\">\r\n            <div class=\"gsd-team-card-photo\">\r\n                <img decoding=\"async\" src=\"https:\/\/gelenekselsanatlar.org\/wp-content\/plugins\/gsd-team-cards\/assets\/images\/default-avatar.svg\" alt=\"Av. Ahmet AKCAN\" loading=\"lazy\">\r\n            <\/div>\r\n            <div class=\"gsd-team-card-info\">\r\n                                    <span class=\"gsd-team-card-title\">\u0631\u0626\u064a\u0633<\/span>\r\n                                <h4 class=\"gsd-team-card-name\">Av. Ahmet AKCAN<\/h4>\r\n                                <div class=\"gsd-team-card-links\">\r\n                                                        <\/div>\r\n            <\/div>\r\n        <\/div>\r\n                                                                                                <div class=\"gsd-team-card\">\r\n            <div class=\"gsd-team-card-photo\">\r\n                <img decoding=\"async\" src=\"https:\/\/gelenekselsanatlar.org\/wp-content\/plugins\/gsd-team-cards\/assets\/images\/default-avatar.svg\" alt=\"Prof. Filiz ADIG\u00dcZEL\" loading=\"lazy\">\r\n            <\/div>\r\n            <div class=\"gsd-team-card-info\">\r\n                                    <span class=\"gsd-team-card-title\">\u0646\u0627\u0626\u0628 \u0627\u0644\u0631\u0626\u064a\u0633<\/span>\r\n                                <h4 class=\"gsd-team-card-name\">Prof. Filiz ADIG\u00dcZEL<\/h4>\r\n                                <div class=\"gsd-team-card-links\">\r\n                                                        <\/div>\r\n            <\/div>\r\n        <\/div>\r\n                                                                                                <div class=\"gsd-team-card\">\r\n            <div class=\"gsd-team-card-photo\">\r\n                <img decoding=\"async\" src=\"https:\/\/gelenekselsanatlar.org\/wp-content\/plugins\/gsd-team-cards\/assets\/images\/default-avatar.svg\" alt=\"Sona TOMA\u00c7\" loading=\"lazy\">\r\n            <\/div>\r\n            <div class=\"gsd-team-card-info\">\r\n                                    <span class=\"gsd-team-card-title\">\u0627\u0644\u0623\u0645\u064a\u0646 \u0627\u0644\u0639\u0627\u0645<\/span>\r\n                                <h4 class=\"gsd-team-card-name\">Sona TOMA\u00c7<\/h4>\r\n                                <div class=\"gsd-team-card-links\">\r\n                                                                <a href=\"https:\/\/www.linkedin.com\/in\/sona-toma%C3%A7-9417a9191\/\" class=\"gsd-team-card-linkedin\" target=\"_blank\" rel=\"noopener\" title=\"LinkedIn\">\r\n                            <svg width=\"16\" height=\"16\" viewBox=\"0 0 24 24\" fill=\"currentColor\">\r\n                                <path d=\"M20.447 20.452h-3.554v-5.569c0-1.328-.027-3.037-1.852-3.037-1.853 0-2.136 1.445-2.136 2.939v5.667H9.351V9h3.414v1.561h.046c.477-.9 1.637-1.85 3.37-1.85 3.601 0 4.267 2.37 4.267 5.455v6.286zM5.337 7.433c-1.144 0-2.063-.926-2.063-2.065 0-1.138.92-2.063 2.063-2.063 1.14 0 2.064.925 2.064 2.063 0 1.139-.925 2.065-2.064 2.065zm1.782 13.019H3.555V9h3.564v11.452zM22.225 0H1.771C.792 0 0 .774 0 1.729v20.542C0 23.227.792 24 1.771 24h20.451C23.2 24 24 23.227 24 22.271V1.729C24 .774 23.2 0 22.222 0h.003z\"\/>\r\n                            <\/svg>\r\n                        <\/a>\r\n                                    <\/div>\r\n            <\/div>\r\n        <\/div>\r\n                                                                                                <div class=\"gsd-team-card\">\r\n            <div class=\"gsd-team-card-photo\">\r\n                <img decoding=\"async\" src=\"https:\/\/gelenekselsanatlar.org\/wp-content\/plugins\/gsd-team-cards\/assets\/images\/default-avatar.svg\" alt=\"Do\u00e7. Dr. \u015eehnaz B\u0130\u00c7ER\" loading=\"lazy\">\r\n            <\/div>\r\n            <div class=\"gsd-team-card-info\">\r\n                                <h4 class=\"gsd-team-card-name\">Do\u00e7. Dr. \u015eehnaz B\u0130\u00c7ER<\/h4>\r\n                                <div class=\"gsd-team-card-links\">\r\n                                                        <\/div>\r\n            <\/div>\r\n        <\/div>\r\n                                                                                                <div class=\"gsd-team-card\">\r\n            <div class=\"gsd-team-card-photo\">\r\n                <img decoding=\"async\" src=\"https:\/\/gelenekselsanatlar.org\/wp-content\/plugins\/gsd-team-cards\/assets\/images\/default-avatar.svg\" alt=\"Prof. Dr. Mehmet MEM\u0130\u015e\" loading=\"lazy\">\r\n            <\/div>\r\n            <div class=\"gsd-team-card-info\">\r\n                                <h4 class=\"gsd-team-card-name\">Prof. Dr. Mehmet MEM\u0130\u015e<\/h4>\r\n                                <div class=\"gsd-team-card-links\">\r\n                                                        <\/div>\r\n            <\/div>\r\n        <\/div>\r\n                                                                                                <div class=\"gsd-team-card\">\r\n            <div class=\"gsd-team-card-photo\">\r\n                <img decoding=\"async\" src=\"https:\/\/gelenekselsanatlar.org\/wp-content\/plugins\/gsd-team-cards\/assets\/images\/default-avatar.svg\" alt=\"Prof. Dr. Sel\u00e7uk M\u00dcLAY\u0130M\" loading=\"lazy\">\r\n            <\/div>\r\n            <div class=\"gsd-team-card-info\">\r\n                                <h4 class=\"gsd-team-card-name\">Prof. Dr. Sel\u00e7uk M\u00dcLAY\u0130M<\/h4>\r\n                                <div class=\"gsd-team-card-links\">\r\n                                                        <\/div>\r\n            <\/div>\r\n        <\/div>\r\n                                                                                                <div class=\"gsd-team-card\">\r\n            <div class=\"gsd-team-card-photo\">\r\n                <img decoding=\"async\" src=\"https:\/\/gelenekselsanatlar.org\/wp-content\/plugins\/gsd-team-cards\/assets\/images\/default-avatar.svg\" alt=\"Dr. Zaliha ERDO\u011eAN PE\u00c7E\" loading=\"lazy\">\r\n            <\/div>\r\n            <div class=\"gsd-team-card-info\">\r\n                                <h4 class=\"gsd-team-card-name\">Dr. Zaliha ERDO\u011eAN PE\u00c7E<\/h4>\r\n                                <div class=\"gsd-team-card-links\">\r\n                                                        <\/div>\r\n            <\/div>\r\n        <\/div>\r\n                                                        <\/div>\r\n        <\/div>\r\n        <br \/>\n        <div class=\"gsd-team-container gsd-team-yonetim-yedek\" data-columns=\"3\">\r\n                            <h3 class=\"gsd-team-section-title\">\u0645\u062c\u0644\u0633 \u0627\u0644\u0625\u062f\u0627\u0631\u0629 (\u0628\u062f\u064a\u0644)<\/h3>\r\n                        <div class=\"gsd-team-grid gsd-team-grid-3\">\r\n                                                                    <div class=\"gsd-team-card\">\r\n            <div class=\"gsd-team-card-photo\">\r\n                <img decoding=\"async\" src=\"https:\/\/gelenekselsanatlar.org\/wp-content\/plugins\/gsd-team-cards\/assets\/images\/default-avatar.svg\" alt=\"Dr. \u00d6mer Faruk DERE\" loading=\"lazy\">\r\n            <\/div>\r\n            <div class=\"gsd-team-card-info\">\r\n                                <h4 class=\"gsd-team-card-name\">Dr. \u00d6mer Faruk DERE<\/h4>\r\n                                <div class=\"gsd-team-card-links\">\r\n                                                        <\/div>\r\n            <\/div>\r\n        <\/div>\r\n                                                                                                <div class=\"gsd-team-card\">\r\n            <div class=\"gsd-team-card-photo\">\r\n                <img decoding=\"async\" src=\"https:\/\/gelenekselsanatlar.org\/wp-content\/plugins\/gsd-team-cards\/assets\/images\/default-avatar.svg\" alt=\"Prof. Dr. Faruk TA\u015eKALE\" loading=\"lazy\">\r\n            <\/div>\r\n            <div class=\"gsd-team-card-info\">\r\n                                <h4 class=\"gsd-team-card-name\">Prof. Dr. Faruk TA\u015eKALE<\/h4>\r\n                                <div class=\"gsd-team-card-links\">\r\n                                                        <\/div>\r\n            <\/div>\r\n        <\/div>\r\n                                                                                                <div class=\"gsd-team-card\">\r\n            <div class=\"gsd-team-card-photo\">\r\n                <img decoding=\"async\" src=\"https:\/\/gelenekselsanatlar.org\/wp-content\/plugins\/gsd-team-cards\/assets\/images\/default-avatar.svg\" alt=\"Emel T\u00dcRKMEN\" loading=\"lazy\">\r\n            <\/div>\r\n            <div class=\"gsd-team-card-info\">\r\n                                <h4 class=\"gsd-team-card-name\">Emel T\u00dcRKMEN<\/h4>\r\n                                <div class=\"gsd-team-card-links\">\r\n                                                        <\/div>\r\n            <\/div>\r\n        <\/div>\r\n                                                                                                <div class=\"gsd-team-card\">\r\n            <div class=\"gsd-team-card-photo\">\r\n                <img decoding=\"async\" src=\"https:\/\/gelenekselsanatlar.org\/wp-content\/plugins\/gsd-team-cards\/assets\/images\/default-avatar.svg\" alt=\"Mehmet G\u00dcRSOY\" loading=\"lazy\">\r\n            <\/div>\r\n            <div class=\"gsd-team-card-info\">\r\n                                <h4 class=\"gsd-team-card-name\">Mehmet G\u00dcRSOY<\/h4>\r\n                                <div class=\"gsd-team-card-links\">\r\n                                                        <\/div>\r\n            <\/div>\r\n        <\/div>\r\n                                                                                                <div class=\"gsd-team-card\">\r\n            <div class=\"gsd-team-card-photo\">\r\n                <img decoding=\"async\" src=\"https:\/\/gelenekselsanatlar.org\/wp-content\/plugins\/gsd-team-cards\/assets\/images\/default-avatar.svg\" alt=\"\u00d6zlem Emine \u00c7A\u011eLAR\" loading=\"lazy\">\r\n            <\/div>\r\n            <div class=\"gsd-team-card-info\">\r\n                                <h4 class=\"gsd-team-card-name\">\u00d6zlem Emine \u00c7A\u011eLAR<\/h4>\r\n                                <div class=\"gsd-team-card-links\">\r\n                                                        <\/div>\r\n            <\/div>\r\n        <\/div>\r\n                                                                                                <div class=\"gsd-team-card\">\r\n            <div class=\"gsd-team-card-photo\">\r\n                <img decoding=\"async\" src=\"https:\/\/gelenekselsanatlar.org\/wp-content\/plugins\/gsd-team-cards\/assets\/images\/default-avatar.svg\" alt=\"Prof. Ay\u015fe G\u00dcLER\" loading=\"lazy\">\r\n            <\/div>\r\n            <div class=\"gsd-team-card-info\">\r\n                                <h4 class=\"gsd-team-card-name\">Prof. Ay\u015fe G\u00dcLER<\/h4>\r\n                                <div class=\"gsd-team-card-links\">\r\n                                                        <\/div>\r\n            <\/div>\r\n        <\/div>\r\n                                                                                                <div class=\"gsd-team-card\">\r\n            <div class=\"gsd-team-card-photo\">\r\n                <img decoding=\"async\" src=\"https:\/\/gelenekselsanatlar.org\/wp-content\/plugins\/gsd-team-cards\/assets\/images\/default-avatar.svg\" alt=\"Prof. Dr. Ay\u015fe Asl\u0131han ERO\u011eLU\" loading=\"lazy\">\r\n            <\/div>\r\n            <div class=\"gsd-team-card-info\">\r\n                                <h4 class=\"gsd-team-card-name\">Prof. Dr. Ay\u015fe Asl\u0131han ERO\u011eLU<\/h4>\r\n                                <div class=\"gsd-team-card-links\">\r\n                                                        <\/div>\r\n            <\/div>\r\n        <\/div>\r\n                                                        <\/div>\r\n        <\/div>\r\n        <br \/>\n        <div class=\"gsd-team-container gsd-team-denetim-main\" data-columns=\"3\">\r\n                            <h3 class=\"gsd-team-section-title\">\u0627\u0644\u0645\u062c\u0644\u0633 \u0627\u0644\u0625\u0634\u0631\u0627\u0641\u064a<\/h3>\r\n                        <div class=\"gsd-team-grid gsd-team-grid-3\">\r\n                                                                    <div class=\"gsd-team-card\">\r\n            <div class=\"gsd-team-card-photo\">\r\n                <img decoding=\"async\" src=\"https:\/\/gelenekselsanatlar.org\/wp-content\/plugins\/gsd-team-cards\/assets\/images\/default-avatar.svg\" alt=\"Mehmet Eray ATAY\" loading=\"lazy\">\r\n            <\/div>\r\n            <div class=\"gsd-team-card-info\">\r\n                                <h4 class=\"gsd-team-card-name\">Mehmet Eray ATAY<\/h4>\r\n                                <div class=\"gsd-team-card-links\">\r\n                                                        <\/div>\r\n            <\/div>\r\n        <\/div>\r\n                                                                                                <div class=\"gsd-team-card\">\r\n            <div class=\"gsd-team-card-photo\">\r\n                <img decoding=\"async\" src=\"https:\/\/gelenekselsanatlar.org\/wp-content\/plugins\/gsd-team-cards\/assets\/images\/default-avatar.svg\" alt=\"Dr. Sakine AKCAN EK\u0130C\u0130\" loading=\"lazy\">\r\n            <\/div>\r\n            <div class=\"gsd-team-card-info\">\r\n                                <h4 class=\"gsd-team-card-name\">Dr. Sakine AKCAN EK\u0130C\u0130<\/h4>\r\n                                <div class=\"gsd-team-card-links\">\r\n                                                        <\/div>\r\n            <\/div>\r\n        <\/div>\r\n                                                                                                <div class=\"gsd-team-card\">\r\n            <div class=\"gsd-team-card-photo\">\r\n                <img decoding=\"async\" src=\"https:\/\/gelenekselsanatlar.org\/wp-content\/plugins\/gsd-team-cards\/assets\/images\/default-avatar.svg\" alt=\"Melike TEM\u0130Z AYI\u015eIN\" loading=\"lazy\">\r\n            <\/div>\r\n            <div class=\"gsd-team-card-info\">\r\n                                <h4 class=\"gsd-team-card-name\">Melike TEM\u0130Z AYI\u015eIN<\/h4>\r\n                                <div class=\"gsd-team-card-links\">\r\n                                                        <\/div>\r\n            <\/div>\r\n        <\/div>\r\n                                                        <\/div>\r\n        <\/div>\r\n        <br \/>\n        <div class=\"gsd-team-container gsd-team-denetim-yedek\" data-columns=\"3\">\r\n                            <h3 class=\"gsd-team-section-title\">\u0639\u0636\u0648 \u0645\u062c\u0644\u0633 \u0625\u0634\u0631\u0627\u0641\u064a (\u0628\u062f\u064a\u0644)<\/h3>\r\n                        <div class=\"gsd-team-grid gsd-team-grid-3\">\r\n                                                                    <div class=\"gsd-team-card\">\r\n            <div class=\"gsd-team-card-photo\">\r\n                <img decoding=\"async\" src=\"https:\/\/gelenekselsanatlar.org\/wp-content\/plugins\/gsd-team-cards\/assets\/images\/default-avatar.svg\" alt=\"Do\u00e7. Dr. Ali Fuat BAYSAL\" loading=\"lazy\">\r\n            <\/div>\r\n            <div class=\"gsd-team-card-info\">\r\n                                <h4 class=\"gsd-team-card-name\">Do\u00e7. Dr. Ali Fuat BAYSAL<\/h4>\r\n                                <div class=\"gsd-team-card-links\">\r\n                                                        <\/div>\r\n            <\/div>\r\n        <\/div>\r\n                                                                                                <div class=\"gsd-team-card\">\r\n            <div class=\"gsd-team-card-photo\">\r\n                <img decoding=\"async\" src=\"https:\/\/gelenekselsanatlar.org\/wp-content\/plugins\/gsd-team-cards\/assets\/images\/default-avatar.svg\" alt=\"Cahide EREL\" loading=\"lazy\">\r\n            <\/div>\r\n            <div class=\"gsd-team-card-info\">\r\n                                <h4 class=\"gsd-team-card-name\">Cahide EREL<\/h4>\r\n                                <div class=\"gsd-team-card-links\">\r\n                                                        <\/div>\r\n            <\/div>\r\n        <\/div>\r\n                                                                                                <div class=\"gsd-team-card\">\r\n            <div class=\"gsd-team-card-photo\">\r\n                <img decoding=\"async\" src=\"https:\/\/gelenekselsanatlar.org\/wp-content\/plugins\/gsd-team-cards\/assets\/images\/default-avatar.svg\" alt=\"Do\u00e7. Dr. Aras NEF\u00c7\u0130\" loading=\"lazy\">\r\n            <\/div>\r\n            <div class=\"gsd-team-card-info\">\r\n                                <h4 class=\"gsd-team-card-name\">Do\u00e7. Dr. Aras NEF\u00c7\u0130<\/h4>\r\n                                <div class=\"gsd-team-card-links\">\r\n                                                        <\/div>\r\n            <\/div>\r\n        <\/div>\r\n                                                        <\/div>\r\n        <\/div>\n","protected":false},"excerpt":{"rendered":"\u0645\u062c\u0644\u0633 \u0625\u062f\u0627\u0631\u0629 \u0631\u0626\u064a\u0633 Av. Ahmet AKCAN \u0646\u0627\u0626\u0628 \u0627\u0644\u0631\u0626\u064a\u0633 Prof. Filiz ADIG\u00dcZEL \u0627\u0644\u0623\u0645\u064a\u0646 \u0627\u0644\u0639\u0627\u0645 Sona TOMA\u00c7 Do\u00e7. Dr. \u015eehnaz B\u0130\u00c7ER Prof. [...]","protected":false},"author":1,"featured_media":0,"parent":0,"menu_order":5,"comment_status":"closed","ping_status":"closed","template":"","meta":{"_acf_changed":false,"footnotes":""},"class_list":["post-170909","page","type-page","status-publish","hentry"],"acf":[],"_links":{"self":[{"href":"https:\/\/gelenekselsanatlar.org\/ar\/wp-json\/wp\/v2\/pages\/170909","targetHints":{"allow":["GET"]}}],"collection":[{"href":"https:\/\/gelenekselsanatlar.org\/ar\/wp-json\/wp\/v2\/pages"}],"about":[{"href":"https:\/\/gelenekselsanatlar.org\/ar\/wp-json\/wp\/v2\/types\/page"}],"author":[{"embeddable":true,"href":"https:\/\/gelenekselsanatlar.org\/ar\/wp-json\/wp\/v2\/users\/1"}],"replies":[{"embeddable":true,"href":"https:\/\/gelenekselsanatlar.org\/ar\/wp-json\/wp\/v2\/comments?post=170909"}],"version-history":[{"count":0,"href":"https:\/\/gelenekselsanatlar.org\/ar\/wp-json\/wp\/v2\/pages\/170909\/revisions"}],"wp:attachment":[{"href":"https:\/\/gelenekselsanatlar.org\/ar\/wp-json\/wp\/v2\/media?parent=170909"}],"curies":[{"name":"wp","href":"https:\/\/api.w.org\/{rel}","templated":true}]}}